{"id":1509403,"date":"2024-01-10T10:39:06","date_gmt":"2024-01-10T10:39:06","guid":{"rendered":"https:\/\/staging.ccocoa.com\/?page_id=1509403"},"modified":"2024-05-27T17:31:00","modified_gmt":"2024-05-27T17:31:00","slug":"reconstruccion-de-muelle-paseo-del-pescador-en-acapulco-guerrero","status":"publish","type":"page","link":"https:\/\/staging.ccocoa.com\/en\/reconstruccion-de-muelle-paseo-del-pescador-en-acapulco-guerrero\/","title":{"rendered":"Rehabilitation of Maritime Port Infrastructure at the Fisherman's Walkway, Acapulco Guerrero."},"content":{"rendered":"<div data-elementor-type=\"wp-page\" data-elementor-id=\"1509403\" class=\"elementor elementor-1509403\" data-elementor-post-type=\"page\">\n\t\t\t\t<div class=\"elementor-element elementor-element-1af80b79 e-flex e-con-boxed e-con e-parent\" data-id=\"1af80b79\" data-element_type=\"container\" data-settings=\"{&quot;background_background&quot;:&quot;classic&quot;,&quot;shape_divider_bottom&quot;:&quot;opacity-tilt&quot;,&quot;content_width&quot;:&quot;boxed&quot;}\" data-core-v316-plus=\"true\">\n\t\t\t\t\t<div class=\"e-con-inner\">\n\t\t\t\t<div class=\"elementor-shape elementor-shape-bottom\" data-negative=\"false\">\n\t\t\t<svg xmlns=\"http:\/\/www.w3.org\/2000\/svg\" viewbox=\"0 0 2600 131.1\" preserveaspectratio=\"none\">\n\t<path class=\"elementor-shape-fill\" d=\"M0 0L2600 0 2600 69.1 0 0z\"\/>\n\t<path class=\"elementor-shape-fill\" style=\"opacity:0.5\" d=\"M0 0L2600 0 2600 69.1 0 69.1z\"\/>\n\t<path class=\"elementor-shape-fill\" style=\"opacity:0.25\" d=\"M2600 0L0 0 0 130.1 2600 69.1z\"\/>\n<\/svg>\t\t<\/div>\n\t\t\t\t<div class=\"elementor-element elementor-element-14e3fc animated-slow elementor-invisible elementor-widget elementor-widget-heading\" data-id=\"14e3fc\" data-element_type=\"widget\" data-settings=\"{&quot;_animation&quot;:&quot;fadeInUp&quot;}\" data-widget_type=\"heading.default\">\n\t\t\t\t<div class=\"elementor-widget-container\">\n\t\t\t<style>\/*! elementor - v3.19.0 - 28-02-2024 *\/\n.elementor-heading-title{padding:0;margin:0;line-height:1}.elementor-widget-heading .elementor-heading-title[class*=elementor-size-]>a{color:inherit;font-size:inherit;line-height:inherit}.elementor-widget-heading .elementor-heading-title.elementor-size-small{font-size:15px}.elementor-widget-heading .elementor-heading-title.elementor-size-medium{font-size:19px}.elementor-widget-heading .elementor-heading-title.elementor-size-large{font-size:29px}.elementor-widget-heading .elementor-heading-title.elementor-size-xl{font-size:39px}.elementor-widget-heading .elementor-heading-title.elementor-size-xxl{font-size:59px}<\/style><h2 class=\"elementor-heading-title elementor-size-default\">Rehabilitation of Maritime Port Infrastructure at the Fisherman's Walkway, Acapulco Guerrero.<\/h2>\t\t<\/div>\n\t\t\t\t<\/div>\n\t\t\t\t\t<\/div>\n\t\t\t\t<\/div>\n\t\t<div class=\"elementor-element elementor-element-39f02199 e-flex e-con-boxed e-con e-parent\" data-id=\"39f02199\" data-element_type=\"container\" data-settings=\"{&quot;content_width&quot;:&quot;boxed&quot;}\" data-core-v316-plus=\"true\">\n\t\t\t\t\t<div class=\"e-con-inner\">\n\t\t<div class=\"elementor-element elementor-element-247b2cb6 e-con-full e-flex e-con e-child\" data-id=\"247b2cb6\" data-element_type=\"container\" data-settings=\"{&quot;content_width&quot;:&quot;full&quot;}\">\n\t\t<div class=\"elementor-element elementor-element-7e4258c e-con-full e-flex e-con e-child\" data-id=\"7e4258c\" data-element_type=\"container\" data-settings=\"{&quot;content_width&quot;:&quot;full&quot;}\">\n\t\t\t\t<div class=\"elementor-element elementor-element-37f31a83 elementor-widget elementor-widget-heading\" data-id=\"37f31a83\" data-element_type=\"widget\" data-widget_type=\"heading.default\">\n\t\t\t\t<div class=\"elementor-widget-container\">\n\t\t\t<h5 class=\"elementor-heading-title elementor-size-default\">Project details\n<\/h5>\t\t<\/div>\n\t\t\t\t<\/div>\n\t\t\t\t<div class=\"elementor-element elementor-element-4d8486d5 elementor-widget elementor-widget-text-editor\" data-id=\"4d8486d5\" data-element_type=\"widget\" data-widget_type=\"text-editor.default\">\n\t\t\t\t<div class=\"elementor-widget-container\">\n\t\t\t<style>\/*! elementor - v3.19.0 - 28-02-2024 *\/\n.elementor-widget-text-editor.elementor-drop-cap-view-stacked .elementor-drop-cap{background-color:#69727d;color:#fff}.elementor-widget-text-editor.elementor-drop-cap-view-framed .elementor-drop-cap{color:#69727d;border:3px solid;background-color:transparent}.elementor-widget-text-editor:not(.elementor-drop-cap-view-default) .elementor-drop-cap{margin-top:8px}.elementor-widget-text-editor:not(.elementor-drop-cap-view-default) .elementor-drop-cap-letter{width:1em;height:1em}.elementor-widget-text-editor .elementor-drop-cap{float:left;text-align:center;line-height:1;font-size:50px}.elementor-widget-text-editor .elementor-drop-cap-letter{display:inline-block}<\/style>\t\t\t\tClient URL:\u00a0<a href=\"https:\/\/www.gob.mx\/sct\">Secretary of Communications and Transportation<\/a>\nProject executed by Corporativo Costa Afuera<br>\nCompletion date: 2008<br>\nClient: UNAM\t\t\t\t\t\t<\/div>\n\t\t\t\t<\/div>\n\t\t\t\t<\/div>\n\t\t<div class=\"elementor-element elementor-element-44bf21dc e-con-full e-flex e-con e-child\" data-id=\"44bf21dc\" data-element_type=\"container\" data-settings=\"{&quot;content_width&quot;:&quot;full&quot;}\">\n\t\t\t\t<div class=\"elementor-element elementor-element-7e393ae8 elementor-widget elementor-widget-heading\" data-id=\"7e393ae8\" data-element_type=\"widget\" data-widget_type=\"heading.default\">\n\t\t\t\t<div class=\"elementor-widget-container\">\n\t\t\t<h5 class=\"elementor-heading-title elementor-size-default\">PROJECT DESCRIPTION:\n<\/h5>\t\t<\/div>\n\t\t\t\t<\/div>\n\t\t\t\t<div class=\"elementor-element elementor-element-6b91b5dc elementor-widget elementor-widget-text-editor\" data-id=\"6b91b5dc\" data-element_type=\"widget\" data-widget_type=\"text-editor.default\">\n\t\t\t\t<div class=\"elementor-widget-container\">\n\t\t\t\t\t\t\tRehabilitation of Maritime Port Infrastructure at the Fisherman's Walkway, Acapulco Guerrero.\t\t\t\t\t\t<\/div>\n\t\t\t\t<\/div>\n\t\t\t\t<\/div>\n\t\t\t\t<\/div>\n\t\t<div class=\"elementor-element elementor-element-5c30b531 e-con-full e-flex e-con e-child\" data-id=\"5c30b531\" data-element_type=\"container\" data-settings=\"{&quot;content_width&quot;:&quot;full&quot;}\">\n\t\t\t\t<div class=\"elementor-element elementor-element-3446dc57 elementor-widget elementor-widget-gallery\" data-id=\"3446dc57\" data-element_type=\"widget\" data-settings=\"{&quot;columns&quot;:2,&quot;gap&quot;:{&quot;unit&quot;:&quot;px&quot;,&quot;size&quot;:14,&quot;sizes&quot;:[]},&quot;aspect_ratio&quot;:&quot;4:3&quot;,&quot;image_hover_animation&quot;:&quot;grow&quot;,&quot;gallery_layout&quot;:&quot;grid&quot;,&quot;columns_tablet&quot;:2,&quot;columns_mobile&quot;:1,&quot;gap_laptop&quot;:{&quot;unit&quot;:&quot;px&quot;,&quot;size&quot;:10,&quot;sizes&quot;:[]},&quot;gap_tablet&quot;:{&quot;unit&quot;:&quot;px&quot;,&quot;size&quot;:10,&quot;sizes&quot;:[]},&quot;gap_mobile&quot;:{&quot;unit&quot;:&quot;px&quot;,&quot;size&quot;:10,&quot;sizes&quot;:[]},&quot;link_to&quot;:&quot;file&quot;,&quot;overlay_background&quot;:&quot;yes&quot;,&quot;content_hover_animation&quot;:&quot;fade-in&quot;}\" data-widget_type=\"gallery.default\">\n\t\t\t\t<div class=\"elementor-widget-container\">\n\t\t\t<style>\/*! elementor-pro - v3.15.0 - 31-07-2023 *\/\n.elementor-gallery__container{min-height:1px}.elementor-gallery-item{position:relative;overflow:hidden;display:block;text-decoration:none;border:solid var(--image-border-width) var(--image-border-color);border-radius:var(--image-border-radius)}.elementor-gallery-item__content,.elementor-gallery-item__overlay{height:100%;width:100%;position:absolute;top:0;left:0}.elementor-gallery-item__overlay{mix-blend-mode:var(--overlay-mix-blend-mode);transition-duration:var(--overlay-transition-duration);transition-property:mix-blend-mode,transform,opacity,background-color}.elementor-gallery-item__image.e-gallery-image{transition-duration:var(--image-transition-duration);transition-property:filter,transform}.elementor-gallery-item__content{display:flex;flex-direction:column;justify-content:var(--content-justify-content,center);align-items:center;text-align:var(--content-text-align);padding:var(--content-padding)}.elementor-gallery-item__content>div{transition-duration:var(--content-transition-duration)}.elementor-gallery-item__content.elementor-gallery--sequenced-animation>div:nth-child(2){transition-delay:calc(var(--content-transition-delay) \/ 3)}.elementor-gallery-item__content.elementor-gallery--sequenced-animation>div:nth-child(3){transition-delay:calc(var(--content-transition-delay) \/ 3 * 2)}.elementor-gallery-item__content.elementor-gallery--sequenced-animation>div:nth-child(4){transition-delay:calc(var(--content-transition-delay) \/ 3 * 3)}.elementor-gallery-item__description{color:var(--description-text-color,#fff);width:100%}.elementor-gallery-item__title{color:var(--title-text-color,#fff);font-weight:700;width:100%}.elementor-gallery__titles-container{display:flex;flex-wrap:wrap;justify-content:var(--titles-container-justify-content,center);margin-bottom:20px}.elementor-gallery__titles-container:not(.e--pointer-framed) .elementor-item:after,.elementor-gallery__titles-container:not(.e--pointer-framed) .elementor-item:before{background-color:var(--galleries-pointer-bg-color-hover)}.elementor-gallery__titles-container:not(.e--pointer-framed) .elementor-item.elementor-item-active:after,.elementor-gallery__titles-container:not(.e--pointer-framed) .elementor-item.elementor-item-active:before{background-color:var(--galleries-pointer-bg-color-active)}.elementor-gallery__titles-container.e--pointer-framed .elementor-item:before{border-color:var(--galleries-pointer-bg-color-hover);border-width:var(--galleries-pointer-border-width)}.elementor-gallery__titles-container.e--pointer-framed .elementor-item:after{border-color:var(--galleries-pointer-bg-color-hover)}.elementor-gallery__titles-container.e--pointer-framed .elementor-item.elementor-item-active:after,.elementor-gallery__titles-container.e--pointer-framed .elementor-item.elementor-item-active:before{border-color:var(--galleries-pointer-bg-color-active)}.elementor-gallery__titles-container.e--pointer-framed.e--animation-draw .elementor-item:before{border-left-width:var(--galleries-pointer-border-width);border-bottom-width:var(--galleries-pointer-border-width);border-right-width:0;border-top-width:0}.elementor-gallery__titles-container.e--pointer-framed.e--animation-draw .elementor-item:after{border-left-width:0;border-bottom-width:0;border-right-width:var(--galleries-pointer-border-width);border-top-width:var(--galleries-pointer-border-width)}.elementor-gallery__titles-container.e--pointer-framed.e--animation-corners .elementor-item:before{border-left-width:var(--galleries-pointer-border-width);border-bottom-width:0;border-right-width:0;border-top-width:var(--galleries-pointer-border-width)}.elementor-gallery__titles-container.e--pointer-framed.e--animation-corners .elementor-item:after{border-left-width:0;border-bottom-width:var(--galleries-pointer-border-width);border-right-width:var(--galleries-pointer-border-width);border-top-width:0}.elementor-gallery__titles-container .e--pointer-double-line .elementor-item:after,.elementor-gallery__titles-container .e--pointer-double-line .elementor-item:before,.elementor-gallery__titles-container .e--pointer-overline .elementor-item:before,.elementor-gallery__titles-container .e--pointer-underline .elementor-item:after{height:var(--galleries-pointer-border-width)}.elementor-gallery-title{--space-between:10px;cursor:pointer;color:#6d7882;font-weight:500;position:relative;padding:7px 14px;transition:all .3s}.elementor-gallery-title--active{color:#495157}.elementor-gallery-title:not(:last-child){margin-right:var(--space-between)}.elementor-gallery-item__title+.elementor-gallery-item__description{margin-top:var(--description-margin-top)}.e-gallery-item.elementor-gallery-item{transition-property:all}.e-gallery-item.elementor-animated-content .elementor-animated-item--enter-from-bottom,.e-gallery-item.elementor-animated-content .elementor-animated-item--enter-from-left,.e-gallery-item.elementor-animated-content .elementor-animated-item--enter-from-right,.e-gallery-item.elementor-animated-content .elementor-animated-item--enter-from-top,.e-gallery-item:focus .elementor-gallery__item-overlay-bg,.e-gallery-item:focus .elementor-gallery__item-overlay-content,.e-gallery-item:focus .elementor-gallery__item-overlay-content__description,.e-gallery-item:focus .elementor-gallery__item-overlay-content__title,.e-gallery-item:hover .elementor-gallery__item-overlay-bg,.e-gallery-item:hover .elementor-gallery__item-overlay-content,.e-gallery-item:hover .elementor-gallery__item-overlay-content__description,.e-gallery-item:hover .elementor-gallery__item-overlay-content__title{opacity:1}a.elementor-item.elementor-gallery-title{color:var(--galleries-title-color-normal)}a.elementor-item.elementor-gallery-title.elementor-item-active,a.elementor-item.elementor-gallery-title.highlighted,a.elementor-item.elementor-gallery-title:focus,a.elementor-item.elementor-gallery-title:hover{color:var(--galleries-title-color-hover)}a.elementor-item.elementor-gallery-title.elementor-item-active{color:var(--gallery-title-color-active)}.e-con-inner>.elementor-widget-gallery,.e-con>.elementor-widget-gallery{width:var(--container-widget-width);--flex-grow:var(--container-widget-flex-grow)}<\/style>\t\t<div class=\"elementor-gallery__container\">\n\t\t\t\t\t\t\t<a class=\"e-gallery-item elementor-gallery-item elementor-animated-content\" href=\"https:\/\/staging.ccocoa.com\/wp-content\/uploads\/2020\/01\/241008-100118-100_3802-1.jpg\" data-elementor-open-lightbox=\"yes\" data-elementor-lightbox-slideshow=\"3446dc57\" data-elementor-lightbox-title=\"construccion muelle acapulco\" data-e-action-hash=\"#elementor-action%3Aaction%3Dlightbox%26settings%3DeyJpZCI6NTA4MTAyLCJ1cmwiOiJodHRwczpcL1wvc3RhZ2luZy5jY29jb2EuY29tXC93cC1jb250ZW50XC91cGxvYWRzXC8yMDIwXC8wMVwvMjQxMDA4LTEwMDExOC0xMDBfMzgwMi0xLmpwZyIsInNsaWRlc2hvdyI6IjM0NDZkYzU3In0%3D\">\n\t\t\t\t\t<div class=\"e-gallery-image elementor-gallery-item__image\" data-thumbnail=\"https:\/\/staging.ccocoa.com\/wp-content\/uploads\/2020\/01\/241008-100118-100_3802-1.jpg\" data-width=\"1600\" data-height=\"1200\" aria-label=\"construccion muelle acapulco\" role=\"img\" ><\/div>\n\t\t\t\t\t\t\t\t\t\t\t<div class=\"elementor-gallery-item__overlay\"><\/div>\n\t\t\t\t\t\t\t\t\t\t\t\t\t\t<\/a>\n\t\t\t\t\t\t\t<a class=\"e-gallery-item elementor-gallery-item elementor-animated-content\" href=\"https:\/\/staging.ccocoa.com\/wp-content\/uploads\/2020\/01\/DCFC0154-scaled.jpg\" data-elementor-open-lightbox=\"yes\" data-elementor-lightbox-slideshow=\"3446dc57\" data-elementor-lightbox-title=\"construccion muelle acapulco\" data-e-action-hash=\"#elementor-action%3Aaction%3Dlightbox%26settings%3DeyJpZCI6NTA4MTAzLCJ1cmwiOiJodHRwczpcL1wvc3RhZ2luZy5jY29jb2EuY29tXC93cC1jb250ZW50XC91cGxvYWRzXC8yMDIwXC8wMVwvRENGQzAxNTQtc2NhbGVkLmpwZyIsInNsaWRlc2hvdyI6IjM0NDZkYzU3In0%3D\">\n\t\t\t\t\t<div class=\"e-gallery-image elementor-gallery-item__image\" data-thumbnail=\"https:\/\/staging.ccocoa.com\/wp-content\/uploads\/2020\/01\/DCFC0154-scaled.jpg\" data-width=\"2560\" data-height=\"1920\" aria-label=\"\" role=\"img\" ><\/div>\n\t\t\t\t\t\t\t\t\t\t\t<div class=\"elementor-gallery-item__overlay\"><\/div>\n\t\t\t\t\t\t\t\t\t\t\t\t\t\t<\/a>\n\t\t\t\t\t\t\t<a class=\"e-gallery-item elementor-gallery-item elementor-animated-content\" href=\"https:\/\/staging.ccocoa.com\/wp-content\/uploads\/2020\/01\/DCFC0041-scaled.jpg\" data-elementor-open-lightbox=\"yes\" data-elementor-lightbox-slideshow=\"3446dc57\" data-elementor-lightbox-title=\"construccion muelle acapulco\" data-e-action-hash=\"#elementor-action%3Aaction%3Dlightbox%26settings%3DeyJpZCI6NTA4MTA0LCJ1cmwiOiJodHRwczpcL1wvc3RhZ2luZy5jY29jb2EuY29tXC93cC1jb250ZW50XC91cGxvYWRzXC8yMDIwXC8wMVwvRENGQzAwNDEtc2NhbGVkLmpwZyIsInNsaWRlc2hvdyI6IjM0NDZkYzU3In0%3D\">\n\t\t\t\t\t<div class=\"e-gallery-image elementor-gallery-item__image\" data-thumbnail=\"https:\/\/staging.ccocoa.com\/wp-content\/uploads\/2020\/01\/DCFC0041-scaled.jpg\" data-width=\"2560\" data-height=\"1920\" aria-label=\"construccion muelle acapulco\" role=\"img\" ><\/div>\n\t\t\t\t\t\t\t\t\t\t\t<div class=\"elementor-gallery-item__overlay\"><\/div>\n\t\t\t\t\t\t\t\t\t\t\t\t\t\t<\/a>\n\t\t\t\t\t\t\t<a class=\"e-gallery-item elementor-gallery-item elementor-animated-content\" href=\"https:\/\/staging.ccocoa.com\/wp-content\/uploads\/2020\/01\/DCFC0025-scaled.jpg\" data-elementor-open-lightbox=\"yes\" data-elementor-lightbox-slideshow=\"3446dc57\" data-elementor-lightbox-title=\"construccion muelle acapulco\" data-e-action-hash=\"#elementor-action%3Aaction%3Dlightbox%26settings%3DeyJpZCI6NTA4MTA1LCJ1cmwiOiJodHRwczpcL1wvc3RhZ2luZy5jY29jb2EuY29tXC93cC1jb250ZW50XC91cGxvYWRzXC8yMDIwXC8wMVwvRENGQzAwMjUtc2NhbGVkLmpwZyIsInNsaWRlc2hvdyI6IjM0NDZkYzU3In0%3D\">\n\t\t\t\t\t<div class=\"e-gallery-image elementor-gallery-item__image\" data-thumbnail=\"https:\/\/staging.ccocoa.com\/wp-content\/uploads\/2020\/01\/DCFC0025-scaled.jpg\" data-width=\"2560\" data-height=\"1920\" aria-label=\"construccion muelle acapulco\" role=\"img\" ><\/div>\n\t\t\t\t\t\t\t\t\t\t\t<div class=\"elementor-gallery-item__overlay\"><\/div>\n\t\t\t\t\t\t\t\t\t\t\t\t\t\t<\/a>\n\t\t\t\t\t<\/div>\n\t\t\t<\/div>\n\t\t\t\t<\/div>\n\t\t\t\t<\/div>\n\t\t\t\t\t<\/div>\n\t\t\t\t<\/div>\n\t\t\t\t<\/div>","protected":false},"excerpt":{"rendered":"<p>Detalles del proyecto URL del cliente:\u00a0Secretaria de Comunicaciones y Transportes Proyecto ejecutado por Corporativo Costa Afuera Fecha de realizaci\u00f3n: 2008 Cliente: UNAM Descripci\u00f3n del proyecto: Rehabilitaci\u00f3n de Infraestructura Mar\u00edtimoportuaria en el paseo del pescador, Acapulco Guerrero.<\/p>","protected":false},"author":3,"featured_media":0,"parent":0,"menu_order":0,"comment_status":"closed","ping_status":"closed","template":"","meta":{"footnotes":""},"yoast_head":"<!-- This site is optimized with the Yoast SEO plugin v22.8 - https:\/\/yoast.com\/wordpress\/plugins\/seo\/ -->\n<title>Reconstrucci\u00f3n de Muelle Paseo del Pescador en Acapulco, Guerrero - Corporativo Costa Afuera<\/title>\n<meta name=\"robots\" content=\"noindex, follow, max-snippet:-1, max-image-preview:large, max-video-preview:-1\" \/>\n<meta property=\"og:locale\" content=\"en_US\" \/>\n<meta property=\"og:type\" content=\"article\" \/>\n<meta property=\"og:title\" content=\"Reconstrucci\u00f3n de Muelle Paseo del Pescador en Acapulco, Guerrero - Corporativo Costa Afuera\" \/>\n<meta property=\"og:description\" content=\"Detalles del proyecto URL del cliente:\u00a0Secretaria de Comunicaciones y Transportes Proyecto ejecutado por Corporativo Costa Afuera Fecha de realizaci\u00f3n: 2008 Cliente: UNAM Descripci\u00f3n del proyecto: Rehabilitaci\u00f3n de Infraestructura Mar\u00edtimoportuaria en el paseo del pescador, Acapulco Guerrero.\" \/>\n<meta property=\"og:url\" content=\"https:\/\/staging.ccocoa.com\/en\/reconstruccion-de-muelle-paseo-del-pescador-en-acapulco-guerrero\/\" \/>\n<meta property=\"og:site_name\" content=\"Corporativo Costa Afuera\" \/>\n<meta property=\"article:publisher\" content=\"https:\/\/www.facebook.com\/CorporativoCostaAfuera\/\" \/>\n<meta property=\"article:modified_time\" content=\"2024-05-27T17:31:00+00:00\" \/>\n<meta name=\"twitter:label1\" content=\"Est. reading time\" \/>\n\t<meta name=\"twitter:data1\" content=\"1 minute\" \/>\n<script type=\"application\/ld+json\" class=\"yoast-schema-graph\">{\"@context\":\"https:\/\/schema.org\",\"@graph\":[{\"@type\":\"WebPage\",\"@id\":\"https:\/\/staging.ccocoa.com\/reconstruccion-de-muelle-paseo-del-pescador-en-acapulco-guerrero\/\",\"url\":\"https:\/\/staging.ccocoa.com\/reconstruccion-de-muelle-paseo-del-pescador-en-acapulco-guerrero\/\",\"name\":\"Reconstrucci\u00f3n de Muelle Paseo del Pescador en Acapulco, Guerrero - Corporativo Costa Afuera\",\"isPartOf\":{\"@id\":\"https:\/\/staging.ccocoa.com\/#website\"},\"datePublished\":\"2024-01-10T10:39:06+00:00\",\"dateModified\":\"2024-05-27T17:31:00+00:00\",\"breadcrumb\":{\"@id\":\"https:\/\/staging.ccocoa.com\/reconstruccion-de-muelle-paseo-del-pescador-en-acapulco-guerrero\/#breadcrumb\"},\"inLanguage\":\"en-US\",\"potentialAction\":[{\"@type\":\"ReadAction\",\"target\":[\"https:\/\/staging.ccocoa.com\/reconstruccion-de-muelle-paseo-del-pescador-en-acapulco-guerrero\/\"]}]},{\"@type\":\"BreadcrumbList\",\"@id\":\"https:\/\/staging.ccocoa.com\/reconstruccion-de-muelle-paseo-del-pescador-en-acapulco-guerrero\/#breadcrumb\",\"itemListElement\":[{\"@type\":\"ListItem\",\"position\":1,\"name\":\"Portada\",\"item\":\"https:\/\/staging.ccocoa.com\/\"},{\"@type\":\"ListItem\",\"position\":2,\"name\":\"Reconstrucci\u00f3n de Muelle Paseo del Pescador en Acapulco, Guerrero\"}]},{\"@type\":\"WebSite\",\"@id\":\"https:\/\/staging.ccocoa.com\/#website\",\"url\":\"https:\/\/staging.ccocoa.com\/\",\"name\":\"Corporativo Costa Afuera\",\"description\":\"Construcci\u00f3n Marina y Submarina\",\"publisher\":{\"@id\":\"https:\/\/staging.ccocoa.com\/#organization\"},\"potentialAction\":[{\"@type\":\"SearchAction\",\"target\":{\"@type\":\"EntryPoint\",\"urlTemplate\":\"https:\/\/staging.ccocoa.com\/?s={search_term_string}\"},\"query-input\":\"required name=search_term_string\"}],\"inLanguage\":\"en-US\"},{\"@type\":\"Organization\",\"@id\":\"https:\/\/staging.ccocoa.com\/#organization\",\"name\":\"Corporativo Costa Afuera\",\"url\":\"https:\/\/staging.ccocoa.com\/\",\"logo\":{\"@type\":\"ImageObject\",\"inLanguage\":\"en-US\",\"@id\":\"https:\/\/staging.ccocoa.com\/#\/schema\/logo\/image\/\",\"url\":\"https:\/\/staging.ccocoa.com\/wp-content\/uploads\/2018\/02\/logo.png\",\"contentUrl\":\"https:\/\/staging.ccocoa.com\/wp-content\/uploads\/2018\/02\/logo.png\",\"width\":100,\"height\":100,\"caption\":\"Corporativo Costa Afuera\"},\"image\":{\"@id\":\"https:\/\/staging.ccocoa.com\/#\/schema\/logo\/image\/\"},\"sameAs\":[\"https:\/\/www.facebook.com\/CorporativoCostaAfuera\/\",\"https:\/\/x.com\/CorpCostaAfuera\",\"https:\/\/www.tiktok.com\/@corporativocostaafuera\"]}]}<\/script>\n<!-- \/ Yoast SEO plugin. -->","yoast_head_json":{"title":"Reconstrucci\u00f3n de Muelle Paseo del Pescador en Acapulco, Guerrero - Corporativo Costa Afuera","robots":{"index":"noindex","follow":"follow","max-snippet":"max-snippet:-1","max-image-preview":"max-image-preview:large","max-video-preview":"max-video-preview:-1"},"og_locale":"en_US","og_type":"article","og_title":"Reconstrucci\u00f3n de Muelle Paseo del Pescador en Acapulco, Guerrero - Corporativo Costa Afuera","og_description":"Detalles del proyecto URL del cliente:\u00a0Secretaria de Comunicaciones y Transportes Proyecto ejecutado por Corporativo Costa Afuera Fecha de realizaci\u00f3n: 2008 Cliente: UNAM Descripci\u00f3n del proyecto: Rehabilitaci\u00f3n de Infraestructura Mar\u00edtimoportuaria en el paseo del pescador, Acapulco Guerrero.","og_url":"https:\/\/staging.ccocoa.com\/en\/reconstruccion-de-muelle-paseo-del-pescador-en-acapulco-guerrero\/","og_site_name":"Corporativo Costa Afuera","article_publisher":"https:\/\/www.facebook.com\/CorporativoCostaAfuera\/","article_modified_time":"2024-05-27T17:31:00+00:00","twitter_misc":{"Est. reading time":"1 minute"},"schema":{"@context":"https:\/\/schema.org","@graph":[{"@type":"WebPage","@id":"https:\/\/staging.ccocoa.com\/reconstruccion-de-muelle-paseo-del-pescador-en-acapulco-guerrero\/","url":"https:\/\/staging.ccocoa.com\/reconstruccion-de-muelle-paseo-del-pescador-en-acapulco-guerrero\/","name":"Reconstrucci\u00f3n de Muelle Paseo del Pescador en Acapulco, Guerrero - Corporativo Costa Afuera","isPartOf":{"@id":"https:\/\/staging.ccocoa.com\/#website"},"datePublished":"2024-01-10T10:39:06+00:00","dateModified":"2024-05-27T17:31:00+00:00","breadcrumb":{"@id":"https:\/\/staging.ccocoa.com\/reconstruccion-de-muelle-paseo-del-pescador-en-acapulco-guerrero\/#breadcrumb"},"inLanguage":"en-US","potentialAction":[{"@type":"ReadAction","target":["https:\/\/staging.ccocoa.com\/reconstruccion-de-muelle-paseo-del-pescador-en-acapulco-guerrero\/"]}]},{"@type":"BreadcrumbList","@id":"https:\/\/staging.ccocoa.com\/reconstruccion-de-muelle-paseo-del-pescador-en-acapulco-guerrero\/#breadcrumb","itemListElement":[{"@type":"ListItem","position":1,"name":"Portada","item":"https:\/\/staging.ccocoa.com\/"},{"@type":"ListItem","position":2,"name":"Reconstrucci\u00f3n de Muelle Paseo del Pescador en Acapulco, Guerrero"}]},{"@type":"WebSite","@id":"https:\/\/staging.ccocoa.com\/#website","url":"https:\/\/staging.ccocoa.com\/","name":"Corporativo Costa Afuera","description":"Construcci\u00f3n Marina y Submarina","publisher":{"@id":"https:\/\/staging.ccocoa.com\/#organization"},"potentialAction":[{"@type":"SearchAction","target":{"@type":"EntryPoint","urlTemplate":"https:\/\/staging.ccocoa.com\/?s={search_term_string}"},"query-input":"required name=search_term_string"}],"inLanguage":"en-US"},{"@type":"Organization","@id":"https:\/\/staging.ccocoa.com\/#organization","name":"Corporativo Costa Afuera","url":"https:\/\/staging.ccocoa.com\/","logo":{"@type":"ImageObject","inLanguage":"en-US","@id":"https:\/\/staging.ccocoa.com\/#\/schema\/logo\/image\/","url":"https:\/\/staging.ccocoa.com\/wp-content\/uploads\/2018\/02\/logo.png","contentUrl":"https:\/\/staging.ccocoa.com\/wp-content\/uploads\/2018\/02\/logo.png","width":100,"height":100,"caption":"Corporativo Costa Afuera"},"image":{"@id":"https:\/\/staging.ccocoa.com\/#\/schema\/logo\/image\/"},"sameAs":["https:\/\/www.facebook.com\/CorporativoCostaAfuera\/","https:\/\/x.com\/CorpCostaAfuera","https:\/\/www.tiktok.com\/@corporativocostaafuera"]}]}},"_links":{"self":[{"href":"https:\/\/staging.ccocoa.com\/en\/wp-json\/wp\/v2\/pages\/1509403"}],"collection":[{"href":"https:\/\/staging.ccocoa.com\/en\/wp-json\/wp\/v2\/pages"}],"about":[{"href":"https:\/\/staging.ccocoa.com\/en\/wp-json\/wp\/v2\/types\/page"}],"author":[{"embeddable":true,"href":"https:\/\/staging.ccocoa.com\/en\/wp-json\/wp\/v2\/users\/3"}],"replies":[{"embeddable":true,"href":"https:\/\/staging.ccocoa.com\/en\/wp-json\/wp\/v2\/comments?post=1509403"}],"version-history":[{"count":10,"href":"https:\/\/staging.ccocoa.com\/en\/wp-json\/wp\/v2\/pages\/1509403\/revisions"}],"predecessor-version":[{"id":1510616,"href":"https:\/\/staging.ccocoa.com\/en\/wp-json\/wp\/v2\/pages\/1509403\/revisions\/1510616"}],"wp:attachment":[{"href":"https:\/\/staging.ccocoa.com\/en\/wp-json\/wp\/v2\/media?parent=1509403"}],"curies":[{"name":"wp","href":"https:\/\/api.w.org\/{rel}","templated":true}]}}