{"id":1509347,"date":"2024-01-10T09:12:53","date_gmt":"2024-01-10T09:12:53","guid":{"rendered":"https:\/\/staging.ccocoa.com\/?page_id=1509347"},"modified":"2024-06-03T20:12:25","modified_gmt":"2024-06-03T20:12:25","slug":"muelle-darsena","status":"publish","type":"page","link":"https:\/\/staging.ccocoa.com\/en\/muelle-darsena\/","title":{"rendered":"Muelle Darsena"},"content":{"rendered":"<div data-elementor-type=\"wp-page\" data-elementor-id=\"1509347\" class=\"elementor elementor-1509347\" data-elementor-post-type=\"page\">\n\t\t\t\t<div class=\"elementor-element elementor-element-7ac63092 e-flex e-con-boxed e-con e-parent\" data-id=\"7ac63092\" data-element_type=\"container\" data-settings=\"{&quot;background_background&quot;:&quot;classic&quot;,&quot;shape_divider_bottom&quot;:&quot;opacity-tilt&quot;,&quot;content_width&quot;:&quot;boxed&quot;}\" data-core-v316-plus=\"true\">\n\t\t\t\t\t<div class=\"e-con-inner\">\n\t\t\t\t<div class=\"elementor-shape elementor-shape-bottom\" data-negative=\"false\">\n\t\t\t<svg xmlns=\"http:\/\/www.w3.org\/2000\/svg\" viewbox=\"0 0 2600 131.1\" preserveaspectratio=\"none\">\n\t<path class=\"elementor-shape-fill\" d=\"M0 0L2600 0 2600 69.1 0 0z\"\/>\n\t<path class=\"elementor-shape-fill\" style=\"opacity:0.5\" d=\"M0 0L2600 0 2600 69.1 0 69.1z\"\/>\n\t<path class=\"elementor-shape-fill\" style=\"opacity:0.25\" d=\"M2600 0L0 0 0 130.1 2600 69.1z\"\/>\n<\/svg>\t\t<\/div>\n\t\t\t\t<div class=\"elementor-element elementor-element-3cf5de5f animated-slow elementor-invisible elementor-widget elementor-widget-heading\" data-id=\"3cf5de5f\" data-element_type=\"widget\" data-settings=\"{&quot;_animation&quot;:&quot;fadeInUp&quot;}\" data-widget_type=\"heading.default\">\n\t\t\t\t<div class=\"elementor-widget-container\">\n\t\t\t<style>\/*! elementor - v3.19.0 - 28-02-2024 *\/\n.elementor-heading-title{padding:0;margin:0;line-height:1}.elementor-widget-heading .elementor-heading-title[class*=elementor-size-]>a{color:inherit;font-size:inherit;line-height:inherit}.elementor-widget-heading .elementor-heading-title.elementor-size-small{font-size:15px}.elementor-widget-heading .elementor-heading-title.elementor-size-medium{font-size:19px}.elementor-widget-heading .elementor-heading-title.elementor-size-large{font-size:29px}.elementor-widget-heading .elementor-heading-title.elementor-size-xl{font-size:39px}.elementor-widget-heading .elementor-heading-title.elementor-size-xxl{font-size:59px}<\/style><h2 class=\"elementor-heading-title elementor-size-default\">Muelle Darsena<\/h2>\t\t<\/div>\n\t\t\t\t<\/div>\n\t\t\t\t\t<\/div>\n\t\t\t\t<\/div>\n\t\t<div class=\"elementor-element elementor-element-f5eeee6 e-flex e-con-boxed e-con e-parent\" data-id=\"f5eeee6\" data-element_type=\"container\" data-settings=\"{&quot;content_width&quot;:&quot;boxed&quot;}\" data-core-v316-plus=\"true\">\n\t\t\t\t\t<div class=\"e-con-inner\">\n\t\t<div class=\"elementor-element elementor-element-4247046e e-con-full e-flex e-con e-child\" data-id=\"4247046e\" data-element_type=\"container\" data-settings=\"{&quot;content_width&quot;:&quot;full&quot;}\">\n\t\t<div class=\"elementor-element elementor-element-1147b769 e-con-full e-flex e-con e-child\" data-id=\"1147b769\" data-element_type=\"container\" data-settings=\"{&quot;content_width&quot;:&quot;full&quot;}\">\n\t\t\t\t<div class=\"elementor-element elementor-element-7398f136 elementor-widget elementor-widget-heading\" data-id=\"7398f136\" data-element_type=\"widget\" data-widget_type=\"heading.default\">\n\t\t\t\t<div class=\"elementor-widget-container\">\n\t\t\t<h5 class=\"elementor-heading-title elementor-size-default\">Project details\n<\/h5>\t\t<\/div>\n\t\t\t\t<\/div>\n\t\t\t\t<div class=\"elementor-element elementor-element-3290a30d elementor-widget elementor-widget-text-editor\" data-id=\"3290a30d\" data-element_type=\"widget\" data-widget_type=\"text-editor.default\">\n\t\t\t\t<div class=\"elementor-widget-container\">\n\t\t\t<style>\/*! elementor - v3.19.0 - 28-02-2024 *\/\n.elementor-widget-text-editor.elementor-drop-cap-view-stacked .elementor-drop-cap{background-color:#69727d;color:#fff}.elementor-widget-text-editor.elementor-drop-cap-view-framed .elementor-drop-cap{color:#69727d;border:3px solid;background-color:transparent}.elementor-widget-text-editor:not(.elementor-drop-cap-view-default) .elementor-drop-cap{margin-top:8px}.elementor-widget-text-editor:not(.elementor-drop-cap-view-default) .elementor-drop-cap-letter{width:1em;height:1em}.elementor-widget-text-editor .elementor-drop-cap{float:left;text-align:center;line-height:1;font-size:50px}.elementor-widget-text-editor .elementor-drop-cap-letter{display:inline-block}<\/style>\t\t\t\tClient URL: <a href=\"http:\/\/www.unam.mx\/\">http:\/\/www.unam.mx\/<\/a><br>\nProject executed by Offshore Corporate<br>\nOffshore <br>\nCompletion date: 2012 <br>\nClient: UNAM\n\t\t\t\t\t\t<\/div>\n\t\t\t\t<\/div>\n\t\t\t\t<\/div>\n\t\t<div class=\"elementor-element elementor-element-7df233af e-con-full e-flex e-con e-child\" data-id=\"7df233af\" data-element_type=\"container\" data-settings=\"{&quot;content_width&quot;:&quot;full&quot;}\">\n\t\t\t\t<div class=\"elementor-element elementor-element-45a3f953 elementor-widget elementor-widget-heading\" data-id=\"45a3f953\" data-element_type=\"widget\" data-widget_type=\"heading.default\">\n\t\t\t\t<div class=\"elementor-widget-container\">\n\t\t\t<h5 class=\"elementor-heading-title elementor-size-default\">PROJECT DESCRIPTION:\n<\/h5>\t\t<\/div>\n\t\t\t\t<\/div>\n\t\t\t\t<div class=\"elementor-element elementor-element-3c9b0c8f elementor-widget elementor-widget-text-editor\" data-id=\"3c9b0c8f\" data-element_type=\"widget\" data-widget_type=\"text-editor.default\">\n\t\t\t\t<div class=\"elementor-widget-container\">\n\t\t\t\t\t\t\tConstruction of dock basin, facilities, and access road at the Tuxpan operations base for the oceanographic vessel \"Justo Sierra\" in Tuxpan, Veracruz, Mexico. For the National Autonomous University of Mexico.\t\t\t\t\t\t<\/div>\n\t\t\t\t<\/div>\n\t\t\t\t<\/div>\n\t\t\t\t<\/div>\n\t\t<div class=\"elementor-element elementor-element-65c285f2 e-con-full e-flex e-con e-child\" data-id=\"65c285f2\" data-element_type=\"container\" data-settings=\"{&quot;content_width&quot;:&quot;full&quot;}\">\n\t\t\t\t<div class=\"elementor-element elementor-element-d8dd509 elementor-widget elementor-widget-gallery\" data-id=\"d8dd509\" data-element_type=\"widget\" data-settings=\"{&quot;columns&quot;:2,&quot;gap&quot;:{&quot;unit&quot;:&quot;px&quot;,&quot;size&quot;:14,&quot;sizes&quot;:[]},&quot;aspect_ratio&quot;:&quot;4:3&quot;,&quot;image_hover_animation&quot;:&quot;grow&quot;,&quot;gallery_layout&quot;:&quot;grid&quot;,&quot;columns_tablet&quot;:2,&quot;columns_mobile&quot;:1,&quot;gap_laptop&quot;:{&quot;unit&quot;:&quot;px&quot;,&quot;size&quot;:10,&quot;sizes&quot;:[]},&quot;gap_tablet&quot;:{&quot;unit&quot;:&quot;px&quot;,&quot;size&quot;:10,&quot;sizes&quot;:[]},&quot;gap_mobile&quot;:{&quot;unit&quot;:&quot;px&quot;,&quot;size&quot;:10,&quot;sizes&quot;:[]},&quot;link_to&quot;:&quot;file&quot;,&quot;overlay_background&quot;:&quot;yes&quot;,&quot;content_hover_animation&quot;:&quot;fade-in&quot;}\" data-widget_type=\"gallery.default\">\n\t\t\t\t<div class=\"elementor-widget-container\">\n\t\t\t<style>\/*! elementor-pro - v3.15.0 - 31-07-2023 *\/\n.elementor-gallery__container{min-height:1px}.elementor-gallery-item{position:relative;overflow:hidden;display:block;text-decoration:none;border:solid var(--image-border-width) var(--image-border-color);border-radius:var(--image-border-radius)}.elementor-gallery-item__content,.elementor-gallery-item__overlay{height:100%;width:100%;position:absolute;top:0;left:0}.elementor-gallery-item__overlay{mix-blend-mode:var(--overlay-mix-blend-mode);transition-duration:var(--overlay-transition-duration);transition-property:mix-blend-mode,transform,opacity,background-color}.elementor-gallery-item__image.e-gallery-image{transition-duration:var(--image-transition-duration);transition-property:filter,transform}.elementor-gallery-item__content{display:flex;flex-direction:column;justify-content:var(--content-justify-content,center);align-items:center;text-align:var(--content-text-align);padding:var(--content-padding)}.elementor-gallery-item__content>div{transition-duration:var(--content-transition-duration)}.elementor-gallery-item__content.elementor-gallery--sequenced-animation>div:nth-child(2){transition-delay:calc(var(--content-transition-delay) \/ 3)}.elementor-gallery-item__content.elementor-gallery--sequenced-animation>div:nth-child(3){transition-delay:calc(var(--content-transition-delay) \/ 3 * 2)}.elementor-gallery-item__content.elementor-gallery--sequenced-animation>div:nth-child(4){transition-delay:calc(var(--content-transition-delay) \/ 3 * 3)}.elementor-gallery-item__description{color:var(--description-text-color,#fff);width:100%}.elementor-gallery-item__title{color:var(--title-text-color,#fff);font-weight:700;width:100%}.elementor-gallery__titles-container{display:flex;flex-wrap:wrap;justify-content:var(--titles-container-justify-content,center);margin-bottom:20px}.elementor-gallery__titles-container:not(.e--pointer-framed) .elementor-item:after,.elementor-gallery__titles-container:not(.e--pointer-framed) .elementor-item:before{background-color:var(--galleries-pointer-bg-color-hover)}.elementor-gallery__titles-container:not(.e--pointer-framed) .elementor-item.elementor-item-active:after,.elementor-gallery__titles-container:not(.e--pointer-framed) .elementor-item.elementor-item-active:before{background-color:var(--galleries-pointer-bg-color-active)}.elementor-gallery__titles-container.e--pointer-framed .elementor-item:before{border-color:var(--galleries-pointer-bg-color-hover);border-width:var(--galleries-pointer-border-width)}.elementor-gallery__titles-container.e--pointer-framed .elementor-item:after{border-color:var(--galleries-pointer-bg-color-hover)}.elementor-gallery__titles-container.e--pointer-framed .elementor-item.elementor-item-active:after,.elementor-gallery__titles-container.e--pointer-framed .elementor-item.elementor-item-active:before{border-color:var(--galleries-pointer-bg-color-active)}.elementor-gallery__titles-container.e--pointer-framed.e--animation-draw .elementor-item:before{border-left-width:var(--galleries-pointer-border-width);border-bottom-width:var(--galleries-pointer-border-width);border-right-width:0;border-top-width:0}.elementor-gallery__titles-container.e--pointer-framed.e--animation-draw .elementor-item:after{border-left-width:0;border-bottom-width:0;border-right-width:var(--galleries-pointer-border-width);border-top-width:var(--galleries-pointer-border-width)}.elementor-gallery__titles-container.e--pointer-framed.e--animation-corners .elementor-item:before{border-left-width:var(--galleries-pointer-border-width);border-bottom-width:0;border-right-width:0;border-top-width:var(--galleries-pointer-border-width)}.elementor-gallery__titles-container.e--pointer-framed.e--animation-corners .elementor-item:after{border-left-width:0;border-bottom-width:var(--galleries-pointer-border-width);border-right-width:var(--galleries-pointer-border-width);border-top-width:0}.elementor-gallery__titles-container .e--pointer-double-line .elementor-item:after,.elementor-gallery__titles-container .e--pointer-double-line .elementor-item:before,.elementor-gallery__titles-container .e--pointer-overline .elementor-item:before,.elementor-gallery__titles-container .e--pointer-underline .elementor-item:after{height:var(--galleries-pointer-border-width)}.elementor-gallery-title{--space-between:10px;cursor:pointer;color:#6d7882;font-weight:500;position:relative;padding:7px 14px;transition:all .3s}.elementor-gallery-title--active{color:#495157}.elementor-gallery-title:not(:last-child){margin-right:var(--space-between)}.elementor-gallery-item__title+.elementor-gallery-item__description{margin-top:var(--description-margin-top)}.e-gallery-item.elementor-gallery-item{transition-property:all}.e-gallery-item.elementor-animated-content .elementor-animated-item--enter-from-bottom,.e-gallery-item.elementor-animated-content .elementor-animated-item--enter-from-left,.e-gallery-item.elementor-animated-content .elementor-animated-item--enter-from-right,.e-gallery-item.elementor-animated-content .elementor-animated-item--enter-from-top,.e-gallery-item:focus .elementor-gallery__item-overlay-bg,.e-gallery-item:focus .elementor-gallery__item-overlay-content,.e-gallery-item:focus .elementor-gallery__item-overlay-content__description,.e-gallery-item:focus .elementor-gallery__item-overlay-content__title,.e-gallery-item:hover .elementor-gallery__item-overlay-bg,.e-gallery-item:hover .elementor-gallery__item-overlay-content,.e-gallery-item:hover .elementor-gallery__item-overlay-content__description,.e-gallery-item:hover .elementor-gallery__item-overlay-content__title{opacity:1}a.elementor-item.elementor-gallery-title{color:var(--galleries-title-color-normal)}a.elementor-item.elementor-gallery-title.elementor-item-active,a.elementor-item.elementor-gallery-title.highlighted,a.elementor-item.elementor-gallery-title:focus,a.elementor-item.elementor-gallery-title:hover{color:var(--galleries-title-color-hover)}a.elementor-item.elementor-gallery-title.elementor-item-active{color:var(--gallery-title-color-active)}.e-con-inner>.elementor-widget-gallery,.e-con>.elementor-widget-gallery{width:var(--container-widget-width);--flex-grow:var(--container-widget-flex-grow)}<\/style>\t\t<div class=\"elementor-gallery__container\">\n\t\t\t\t\t\t\t<a class=\"e-gallery-item elementor-gallery-item elementor-animated-content\" href=\"https:\/\/staging.ccocoa.com\/wp-content\/uploads\/2015\/09\/darsena1.jpg\" data-elementor-open-lightbox=\"yes\" data-elementor-lightbox-slideshow=\"d8dd509\" data-elementor-lightbox-title=\"darsena1\" data-e-action-hash=\"#elementor-action%3Aaction%3Dlightbox%26settings%3DeyJpZCI6NzM1NywidXJsIjoiaHR0cHM6XC9cL3N0YWdpbmcuY2NvY29hLmNvbVwvd3AtY29udGVudFwvdXBsb2Fkc1wvMjAxNVwvMDlcL2RhcnNlbmExLmpwZyIsInNsaWRlc2hvdyI6ImQ4ZGQ1MDkifQ%3D%3D\">\n\t\t\t\t\t<div class=\"e-gallery-image elementor-gallery-item__image\" data-thumbnail=\"https:\/\/staging.ccocoa.com\/wp-content\/uploads\/2015\/09\/darsena1.jpg\" data-width=\"610\" data-height=\"457\" aria-label=\"\" role=\"img\" ><\/div>\n\t\t\t\t\t\t\t\t\t\t\t<div class=\"elementor-gallery-item__overlay\"><\/div>\n\t\t\t\t\t\t\t\t\t\t\t\t\t\t<\/a>\n\t\t\t\t\t\t\t<a class=\"e-gallery-item elementor-gallery-item elementor-animated-content\" href=\"https:\/\/staging.ccocoa.com\/wp-content\/uploads\/2015\/09\/darsena2.jpg\" data-elementor-open-lightbox=\"yes\" data-elementor-lightbox-slideshow=\"d8dd509\" data-elementor-lightbox-title=\"darsena2\" data-elementor-lightbox-description=\"C\" data-e-action-hash=\"#elementor-action%3Aaction%3Dlightbox%26settings%3DeyJpZCI6NzM1NiwidXJsIjoiaHR0cHM6XC9cL3N0YWdpbmcuY2NvY29hLmNvbVwvd3AtY29udGVudFwvdXBsb2Fkc1wvMjAxNVwvMDlcL2RhcnNlbmEyLmpwZyIsInNsaWRlc2hvdyI6ImQ4ZGQ1MDkifQ%3D%3D\">\n\t\t\t\t\t<div class=\"e-gallery-image elementor-gallery-item__image\" data-thumbnail=\"https:\/\/staging.ccocoa.com\/wp-content\/uploads\/2015\/09\/darsena2.jpg\" data-width=\"423\" data-height=\"319\" aria-label=\"\" role=\"img\" ><\/div>\n\t\t\t\t\t\t\t\t\t\t\t<div class=\"elementor-gallery-item__overlay\"><\/div>\n\t\t\t\t\t\t\t\t\t\t\t\t\t\t<\/a>\n\t\t\t\t\t\t\t<a class=\"e-gallery-item elementor-gallery-item elementor-animated-content\" href=\"https:\/\/staging.ccocoa.com\/wp-content\/uploads\/2015\/09\/darsena3.jpg\" data-elementor-open-lightbox=\"yes\" data-elementor-lightbox-slideshow=\"d8dd509\" data-elementor-lightbox-title=\"darsena3\" data-e-action-hash=\"#elementor-action%3Aaction%3Dlightbox%26settings%3DeyJpZCI6NzM1NSwidXJsIjoiaHR0cHM6XC9cL3N0YWdpbmcuY2NvY29hLmNvbVwvd3AtY29udGVudFwvdXBsb2Fkc1wvMjAxNVwvMDlcL2RhcnNlbmEzLmpwZyIsInNsaWRlc2hvdyI6ImQ4ZGQ1MDkifQ%3D%3D\">\n\t\t\t\t\t<div class=\"e-gallery-image elementor-gallery-item__image\" data-thumbnail=\"https:\/\/staging.ccocoa.com\/wp-content\/uploads\/2015\/09\/darsena3.jpg\" data-width=\"610\" data-height=\"457\" aria-label=\"\" role=\"img\" ><\/div>\n\t\t\t\t\t\t\t\t\t\t\t<div class=\"elementor-gallery-item__overlay\"><\/div>\n\t\t\t\t\t\t\t\t\t\t\t\t\t\t<\/a>\n\t\t\t\t\t\t\t<a class=\"e-gallery-item elementor-gallery-item elementor-animated-content\" href=\"https:\/\/staging.ccocoa.com\/wp-content\/uploads\/2015\/09\/darsena41.jpg\" data-elementor-open-lightbox=\"yes\" data-elementor-lightbox-slideshow=\"d8dd509\" data-elementor-lightbox-title=\"darsena4\" data-e-action-hash=\"#elementor-action%3Aaction%3Dlightbox%26settings%3DeyJpZCI6NzM1NCwidXJsIjoiaHR0cHM6XC9cL3N0YWdpbmcuY2NvY29hLmNvbVwvd3AtY29udGVudFwvdXBsb2Fkc1wvMjAxNVwvMDlcL2RhcnNlbmE0MS5qcGciLCJzbGlkZXNob3ciOiJkOGRkNTA5In0%3D\">\n\t\t\t\t\t<div class=\"e-gallery-image elementor-gallery-item__image\" data-thumbnail=\"https:\/\/staging.ccocoa.com\/wp-content\/uploads\/2015\/09\/darsena41.jpg\" data-width=\"610\" data-height=\"457\" aria-label=\"\" role=\"img\" ><\/div>\n\t\t\t\t\t\t\t\t\t\t\t<div class=\"elementor-gallery-item__overlay\"><\/div>\n\t\t\t\t\t\t\t\t\t\t\t\t\t\t<\/a>\n\t\t\t\t\t<\/div>\n\t\t\t<\/div>\n\t\t\t\t<\/div>\n\t\t\t\t<\/div>\n\t\t\t\t\t<\/div>\n\t\t\t\t<\/div>\n\t\t\t\t<\/div>","protected":false},"excerpt":{"rendered":"<p>Detalles del proyecto URL del cliente: http:\/\/www.unam.mx\/ Proyecto ejecutado por Corporativo Costa Afuera Fecha de realizaci\u00f3n: 2012 Cliente: UNAM Descripci\u00f3n del proyecto: Construcci\u00f3n de muelle d\u00e1rsena, instalaciones y camino de acceso en la base de operaciones Tuxpan para el buque Oceanogr\u00e1fico \u201cJusto Sierra\u201d en Tuxpan Veracruz, M\u00e9xico. Para la Universidad Aut\u00f3noma de M\u00e9xico.<\/p>","protected":false},"author":3,"featured_media":0,"parent":0,"menu_order":0,"comment_status":"closed","ping_status":"closed","template":"","meta":{"footnotes":""},"yoast_head":"<!-- This site is optimized with the Yoast SEO plugin v22.8 - https:\/\/yoast.com\/wordpress\/plugins\/seo\/ -->\n<title>Muelle Darsena - Corporativo Costa Afuera<\/title>\n<meta name=\"robots\" content=\"noindex, follow, max-snippet:-1, max-image-preview:large, max-video-preview:-1\" \/>\n<meta property=\"og:locale\" content=\"en_US\" \/>\n<meta property=\"og:type\" content=\"article\" \/>\n<meta property=\"og:title\" content=\"Muelle Darsena - Corporativo Costa Afuera\" \/>\n<meta property=\"og:description\" content=\"Detalles del proyecto URL del cliente: http:\/\/www.unam.mx\/ Proyecto ejecutado por Corporativo Costa Afuera Fecha de realizaci\u00f3n: 2012 Cliente: UNAM Descripci\u00f3n del proyecto: Construcci\u00f3n de muelle d\u00e1rsena, instalaciones y camino de acceso en la base de operaciones Tuxpan para el buque Oceanogr\u00e1fico \u201cJusto Sierra\u201d en Tuxpan Veracruz, M\u00e9xico. Para la Universidad Aut\u00f3noma de M\u00e9xico.\" \/>\n<meta property=\"og:url\" content=\"https:\/\/staging.ccocoa.com\/en\/muelle-darsena\/\" \/>\n<meta property=\"og:site_name\" content=\"Corporativo Costa Afuera\" \/>\n<meta property=\"article:publisher\" content=\"https:\/\/www.facebook.com\/CorporativoCostaAfuera\/\" \/>\n<meta property=\"article:modified_time\" content=\"2024-06-03T20:12:25+00:00\" \/>\n<meta name=\"twitter:label1\" content=\"Est. reading time\" \/>\n\t<meta name=\"twitter:data1\" content=\"1 minute\" \/>\n<script type=\"application\/ld+json\" class=\"yoast-schema-graph\">{\"@context\":\"https:\/\/schema.org\",\"@graph\":[{\"@type\":\"WebPage\",\"@id\":\"https:\/\/staging.ccocoa.com\/muelle-darsena\/\",\"url\":\"https:\/\/staging.ccocoa.com\/muelle-darsena\/\",\"name\":\"Muelle Darsena - Corporativo Costa Afuera\",\"isPartOf\":{\"@id\":\"https:\/\/staging.ccocoa.com\/#website\"},\"datePublished\":\"2024-01-10T09:12:53+00:00\",\"dateModified\":\"2024-06-03T20:12:25+00:00\",\"breadcrumb\":{\"@id\":\"https:\/\/staging.ccocoa.com\/muelle-darsena\/#breadcrumb\"},\"inLanguage\":\"en-US\",\"potentialAction\":[{\"@type\":\"ReadAction\",\"target\":[\"https:\/\/staging.ccocoa.com\/muelle-darsena\/\"]}]},{\"@type\":\"BreadcrumbList\",\"@id\":\"https:\/\/staging.ccocoa.com\/muelle-darsena\/#breadcrumb\",\"itemListElement\":[{\"@type\":\"ListItem\",\"position\":1,\"name\":\"Portada\",\"item\":\"https:\/\/staging.ccocoa.com\/\"},{\"@type\":\"ListItem\",\"position\":2,\"name\":\"muelle-darsena\"}]},{\"@type\":\"WebSite\",\"@id\":\"https:\/\/staging.ccocoa.com\/#website\",\"url\":\"https:\/\/staging.ccocoa.com\/\",\"name\":\"Corporativo Costa Afuera\",\"description\":\"Construcci\u00f3n Marina y Submarina\",\"publisher\":{\"@id\":\"https:\/\/staging.ccocoa.com\/#organization\"},\"potentialAction\":[{\"@type\":\"SearchAction\",\"target\":{\"@type\":\"EntryPoint\",\"urlTemplate\":\"https:\/\/staging.ccocoa.com\/?s={search_term_string}\"},\"query-input\":\"required name=search_term_string\"}],\"inLanguage\":\"en-US\"},{\"@type\":\"Organization\",\"@id\":\"https:\/\/staging.ccocoa.com\/#organization\",\"name\":\"Corporativo Costa Afuera\",\"url\":\"https:\/\/staging.ccocoa.com\/\",\"logo\":{\"@type\":\"ImageObject\",\"inLanguage\":\"en-US\",\"@id\":\"https:\/\/staging.ccocoa.com\/#\/schema\/logo\/image\/\",\"url\":\"https:\/\/staging.ccocoa.com\/wp-content\/uploads\/2018\/02\/logo.png\",\"contentUrl\":\"https:\/\/staging.ccocoa.com\/wp-content\/uploads\/2018\/02\/logo.png\",\"width\":100,\"height\":100,\"caption\":\"Corporativo Costa Afuera\"},\"image\":{\"@id\":\"https:\/\/staging.ccocoa.com\/#\/schema\/logo\/image\/\"},\"sameAs\":[\"https:\/\/www.facebook.com\/CorporativoCostaAfuera\/\",\"https:\/\/x.com\/CorpCostaAfuera\",\"https:\/\/www.tiktok.com\/@corporativocostaafuera\"]}]}<\/script>\n<!-- \/ Yoast SEO plugin. -->","yoast_head_json":{"title":"Muelle Darsena - Corporativo Costa Afuera","robots":{"index":"noindex","follow":"follow","max-snippet":"max-snippet:-1","max-image-preview":"max-image-preview:large","max-video-preview":"max-video-preview:-1"},"og_locale":"en_US","og_type":"article","og_title":"Muelle Darsena - Corporativo Costa Afuera","og_description":"Detalles del proyecto URL del cliente: http:\/\/www.unam.mx\/ Proyecto ejecutado por Corporativo Costa Afuera Fecha de realizaci\u00f3n: 2012 Cliente: UNAM Descripci\u00f3n del proyecto: Construcci\u00f3n de muelle d\u00e1rsena, instalaciones y camino de acceso en la base de operaciones Tuxpan para el buque Oceanogr\u00e1fico \u201cJusto Sierra\u201d en Tuxpan Veracruz, M\u00e9xico. Para la Universidad Aut\u00f3noma de M\u00e9xico.","og_url":"https:\/\/staging.ccocoa.com\/en\/muelle-darsena\/","og_site_name":"Corporativo Costa Afuera","article_publisher":"https:\/\/www.facebook.com\/CorporativoCostaAfuera\/","article_modified_time":"2024-06-03T20:12:25+00:00","twitter_misc":{"Est. reading time":"1 minute"},"schema":{"@context":"https:\/\/schema.org","@graph":[{"@type":"WebPage","@id":"https:\/\/staging.ccocoa.com\/muelle-darsena\/","url":"https:\/\/staging.ccocoa.com\/muelle-darsena\/","name":"Muelle Darsena - Corporativo Costa Afuera","isPartOf":{"@id":"https:\/\/staging.ccocoa.com\/#website"},"datePublished":"2024-01-10T09:12:53+00:00","dateModified":"2024-06-03T20:12:25+00:00","breadcrumb":{"@id":"https:\/\/staging.ccocoa.com\/muelle-darsena\/#breadcrumb"},"inLanguage":"en-US","potentialAction":[{"@type":"ReadAction","target":["https:\/\/staging.ccocoa.com\/muelle-darsena\/"]}]},{"@type":"BreadcrumbList","@id":"https:\/\/staging.ccocoa.com\/muelle-darsena\/#breadcrumb","itemListElement":[{"@type":"ListItem","position":1,"name":"Portada","item":"https:\/\/staging.ccocoa.com\/"},{"@type":"ListItem","position":2,"name":"muelle-darsena"}]},{"@type":"WebSite","@id":"https:\/\/staging.ccocoa.com\/#website","url":"https:\/\/staging.ccocoa.com\/","name":"Corporativo Costa Afuera","description":"Construcci\u00f3n Marina y Submarina","publisher":{"@id":"https:\/\/staging.ccocoa.com\/#organization"},"potentialAction":[{"@type":"SearchAction","target":{"@type":"EntryPoint","urlTemplate":"https:\/\/staging.ccocoa.com\/?s={search_term_string}"},"query-input":"required name=search_term_string"}],"inLanguage":"en-US"},{"@type":"Organization","@id":"https:\/\/staging.ccocoa.com\/#organization","name":"Corporativo Costa Afuera","url":"https:\/\/staging.ccocoa.com\/","logo":{"@type":"ImageObject","inLanguage":"en-US","@id":"https:\/\/staging.ccocoa.com\/#\/schema\/logo\/image\/","url":"https:\/\/staging.ccocoa.com\/wp-content\/uploads\/2018\/02\/logo.png","contentUrl":"https:\/\/staging.ccocoa.com\/wp-content\/uploads\/2018\/02\/logo.png","width":100,"height":100,"caption":"Corporativo Costa Afuera"},"image":{"@id":"https:\/\/staging.ccocoa.com\/#\/schema\/logo\/image\/"},"sameAs":["https:\/\/www.facebook.com\/CorporativoCostaAfuera\/","https:\/\/x.com\/CorpCostaAfuera","https:\/\/www.tiktok.com\/@corporativocostaafuera"]}]}},"_links":{"self":[{"href":"https:\/\/staging.ccocoa.com\/en\/wp-json\/wp\/v2\/pages\/1509347"}],"collection":[{"href":"https:\/\/staging.ccocoa.com\/en\/wp-json\/wp\/v2\/pages"}],"about":[{"href":"https:\/\/staging.ccocoa.com\/en\/wp-json\/wp\/v2\/types\/page"}],"author":[{"embeddable":true,"href":"https:\/\/staging.ccocoa.com\/en\/wp-json\/wp\/v2\/users\/3"}],"replies":[{"embeddable":true,"href":"https:\/\/staging.ccocoa.com\/en\/wp-json\/wp\/v2\/comments?post=1509347"}],"version-history":[{"count":20,"href":"https:\/\/staging.ccocoa.com\/en\/wp-json\/wp\/v2\/pages\/1509347\/revisions"}],"predecessor-version":[{"id":1510681,"href":"https:\/\/staging.ccocoa.com\/en\/wp-json\/wp\/v2\/pages\/1509347\/revisions\/1510681"}],"wp:attachment":[{"href":"https:\/\/staging.ccocoa.com\/en\/wp-json\/wp\/v2\/media?parent=1509347"}],"curies":[{"name":"wp","href":"https:\/\/api.w.org\/{rel}","templated":true}]}}