{"id":1508901,"date":"2024-01-09T11:03:43","date_gmt":"2024-01-09T11:03:43","guid":{"rendered":"https:\/\/staging.ccocoa.com\/?page_id=1508901"},"modified":"2024-06-03T19:05:11","modified_gmt":"2024-06-03T19:05:11","slug":"puentes","status":"publish","type":"page","link":"https:\/\/staging.ccocoa.com\/en\/puentes\/","title":{"rendered":"BRIDGES"},"content":{"rendered":"<div data-elementor-type=\"wp-page\" data-elementor-id=\"1508901\" class=\"elementor elementor-1508901\" data-elementor-post-type=\"page\">\n\t\t\t\t<div class=\"elementor-element elementor-element-713baa5b e-flex e-con-boxed e-con e-parent\" data-id=\"713baa5b\" data-element_type=\"container\" data-settings=\"{&quot;background_background&quot;:&quot;classic&quot;,&quot;shape_divider_bottom&quot;:&quot;opacity-tilt&quot;,&quot;content_width&quot;:&quot;boxed&quot;}\" data-core-v316-plus=\"true\">\n\t\t\t\t\t<div class=\"e-con-inner\">\n\t\t\t\t<div class=\"elementor-shape elementor-shape-bottom\" data-negative=\"false\">\n\t\t\t<svg xmlns=\"http:\/\/www.w3.org\/2000\/svg\" viewbox=\"0 0 2600 131.1\" preserveaspectratio=\"none\">\n\t<path class=\"elementor-shape-fill\" d=\"M0 0L2600 0 2600 69.1 0 0z\"\/>\n\t<path class=\"elementor-shape-fill\" style=\"opacity:0.5\" d=\"M0 0L2600 0 2600 69.1 0 69.1z\"\/>\n\t<path class=\"elementor-shape-fill\" style=\"opacity:0.25\" d=\"M2600 0L0 0 0 130.1 2600 69.1z\"\/>\n<\/svg>\t\t<\/div>\n\t\t\t\t<div class=\"elementor-element elementor-element-60002ff9 animated-slow elementor-invisible elementor-widget elementor-widget-heading\" data-id=\"60002ff9\" data-element_type=\"widget\" data-settings=\"{&quot;_animation&quot;:&quot;fadeInUp&quot;}\" data-widget_type=\"heading.default\">\n\t\t\t\t<div class=\"elementor-widget-container\">\n\t\t\t<style>\/*! elementor - v3.19.0 - 28-02-2024 *\/\n.elementor-heading-title{padding:0;margin:0;line-height:1}.elementor-widget-heading .elementor-heading-title[class*=elementor-size-]>a{color:inherit;font-size:inherit;line-height:inherit}.elementor-widget-heading .elementor-heading-title.elementor-size-small{font-size:15px}.elementor-widget-heading .elementor-heading-title.elementor-size-medium{font-size:19px}.elementor-widget-heading .elementor-heading-title.elementor-size-large{font-size:29px}.elementor-widget-heading .elementor-heading-title.elementor-size-xl{font-size:39px}.elementor-widget-heading .elementor-heading-title.elementor-size-xxl{font-size:59px}<\/style><h2 class=\"elementor-heading-title elementor-size-default\">BRIDGES<\/h2>\t\t<\/div>\n\t\t\t\t<\/div>\n\t\t\t\t\t<\/div>\n\t\t\t\t<\/div>\n\t\t<div class=\"elementor-element elementor-element-1c7ef00 e-flex e-con-boxed e-con e-parent\" data-id=\"1c7ef00\" data-element_type=\"container\" data-settings=\"{&quot;background_background&quot;:&quot;classic&quot;,&quot;content_width&quot;:&quot;boxed&quot;}\" data-core-v316-plus=\"true\">\n\t\t\t\t\t<div class=\"e-con-inner\">\n\t\t<div class=\"elementor-element elementor-element-cdd1522 e-flex e-con-boxed e-con e-child\" data-id=\"cdd1522\" data-element_type=\"container\" data-settings=\"{&quot;content_width&quot;:&quot;boxed&quot;}\">\n\t\t\t\t\t<div class=\"e-con-inner\">\n\t\t<div class=\"elementor-element elementor-element-ea88dc8 e-con-full e-flex e-con e-child\" data-id=\"ea88dc8\" data-element_type=\"container\" data-settings=\"{&quot;content_width&quot;:&quot;full&quot;}\">\n\t\t\t\t<div class=\"elementor-element elementor-element-05ea4f6 elementor-cta--valign-top elementor-cta--skin-classic elementor-animated-content elementor-bg-transform elementor-bg-transform-zoom-in elementor-widget elementor-widget-call-to-action\" data-id=\"05ea4f6\" data-element_type=\"widget\" data-widget_type=\"call-to-action.default\">\n\t\t\t\t<div class=\"elementor-widget-container\">\n\t\t\t<link rel=\"stylesheet\" href=\"https:\/\/staging.ccocoa.com\/wp-content\/uploads\/elementor\/css\/custom-pro-widget-call-to-action.min.css?ver=1717822663\">\t\t<a class=\"elementor-cta\" href=\"https:\/\/staging.ccocoa.com\/en\/puente-tuxpan-construccion\/\">\n\t\t\t\t\t<div class=\"elementor-cta__bg-wrapper\">\n\t\t\t\t<div class=\"elementor-cta__bg elementor-bg\" style=\"background-image: url(https:\/\/staging.ccocoa.com\/wp-content\/uploads\/2015\/09\/puentetebanco-610x376-1.jpg);\" role=\"img\" aria-label=\"puentetebanco-610x376 (1)\"><\/div>\n\t\t\t\t<div class=\"elementor-cta__bg-overlay\"><\/div>\n\t\t\t<\/div>\n\t\t\t\t\t\t\t<div class=\"elementor-cta__content\">\n\t\t\t\t\n\t\t\t\t\t\t\t\t\t<h2 class=\"elementor-cta__title elementor-cta__content-item elementor-content-item\">\n\t\t\t\t\t\tBridge Construction in Tuxpan, Veracruz\t\t\t\t\t<\/h2>\n\t\t\t\t\n\t\t\t\t\t\t\t\t\t<div class=\"elementor-cta__description elementor-cta__content-item elementor-content-item\">\n\t\t\t\t\t\tEl 20 de febrero de 2013, se instalaron las traves\u00edas del puente en la comunidad de Tebanco, Municipio de Tuxpan, Veracruz.\t\t\t\t\t<\/div>\n\t\t\t\t\n\t\t\t\t\t\t\t<\/div>\n\t\t\t\t\t\t<\/a>\n\t\t\t\t<\/div>\n\t\t\t\t<\/div>\n\t\t\t\t<\/div>\n\t\t<div class=\"elementor-element elementor-element-2f256d5 e-con-full e-flex e-con e-child\" data-id=\"2f256d5\" data-element_type=\"container\" data-settings=\"{&quot;content_width&quot;:&quot;full&quot;}\">\n\t\t\t\t<div class=\"elementor-element elementor-element-0f92c3d elementor-cta--valign-top elementor-cta--skin-classic elementor-animated-content elementor-bg-transform elementor-bg-transform-zoom-in elementor-widget elementor-widget-call-to-action\" data-id=\"0f92c3d\" data-element_type=\"widget\" data-widget_type=\"call-to-action.default\">\n\t\t\t\t<div class=\"elementor-widget-container\">\n\t\t\t\t\t<a class=\"elementor-cta\" href=\"https:\/\/staging.ccocoa.com\/en\/reparacion-de-puente-de-zacatal-en-ciudad-del-carmen\/\">\n\t\t\t\t\t<div class=\"elementor-cta__bg-wrapper\">\n\t\t\t\t<div class=\"elementor-cta__bg elementor-bg\" style=\"background-image: url(https:\/\/staging.ccocoa.com\/wp-content\/uploads\/2014\/01\/zacatal_01.jpg);\" role=\"img\" aria-label=\"zacatal_01\"><\/div>\n\t\t\t\t<div class=\"elementor-cta__bg-overlay\"><\/div>\n\t\t\t<\/div>\n\t\t\t\t\t\t\t<div class=\"elementor-cta__content\">\n\t\t\t\t\n\t\t\t\t\t\t\t\t\t<h2 class=\"elementor-cta__title elementor-cta__content-item elementor-content-item\">\n\t\t\t\t\t\tZacatal Bridge Repair in Ciudad del Carmen\t\t\t\t\t<\/h2>\n\t\t\t\t\n\t\t\t\t\t\t\t\t\t<div class=\"elementor-cta__description elementor-cta__content-item elementor-content-item\">\n\t\t\t\t\t\tRepair works were carried out on the Zacatal Bridge, located in Ciudad del Carmen, supported by the self-elevating vessel Western Dulac.\n\t\t\t\t\t<\/div>\n\t\t\t\t\n\t\t\t\t\t\t\t<\/div>\n\t\t\t\t\t\t<\/a>\n\t\t\t\t<\/div>\n\t\t\t\t<\/div>\n\t\t\t\t<\/div>\n\t\t<div class=\"elementor-element elementor-element-a230d86 e-con-full e-flex e-con e-child\" data-id=\"a230d86\" data-element_type=\"container\" data-settings=\"{&quot;content_width&quot;:&quot;full&quot;}\">\n\t\t\t\t<div class=\"elementor-element elementor-element-4a1a863 elementor-cta--valign-top elementor-cta--skin-classic elementor-animated-content elementor-bg-transform elementor-bg-transform-zoom-in elementor-widget elementor-widget-call-to-action\" data-id=\"4a1a863\" data-element_type=\"widget\" data-widget_type=\"call-to-action.default\">\n\t\t\t\t<div class=\"elementor-widget-container\">\n\t\t\t\t\t<a class=\"elementor-cta\" href=\"https:\/\/staging.ccocoa.com\/en\/construccion-de-cimentacion-y-subestructura-para-puente-el-ojite\/\">\n\t\t\t\t\t<div class=\"elementor-cta__bg-wrapper\">\n\t\t\t\t<div class=\"elementor-cta__bg elementor-bg\" style=\"background-image: url(https:\/\/staging.ccocoa.com\/wp-content\/uploads\/2020\/01\/IMG-20180716-WA0025.jpg);\" role=\"img\" aria-label=\"construccion de puente ojite\"><\/div>\n\t\t\t\t<div class=\"elementor-cta__bg-overlay\"><\/div>\n\t\t\t<\/div>\n\t\t\t\t\t\t\t<div class=\"elementor-cta__content\">\n\t\t\t\t\n\t\t\t\t\t\t\t\t\t<h2 class=\"elementor-cta__title elementor-cta__content-item elementor-content-item\">\n\t\t\t\t\t\tConstruction of the \"El Ojite\" Bridge in Tuxpan, Veracruz\t\t\t\t\t<\/h2>\n\t\t\t\t\n\t\t\t\t\t\t\t\t\t<div class=\"elementor-cta__description elementor-cta__content-item elementor-content-item\">\n\t\t\t\t\t\tOn February 20, 2013, the bridge crossbeams were installed in the Tebanco community, Municipality of Tuxpan, Veracruz.\n\n\t\t\t\t\t<\/div>\n\t\t\t\t\n\t\t\t\t\t\t\t<\/div>\n\t\t\t\t\t\t<\/a>\n\t\t\t\t<\/div>\n\t\t\t\t<\/div>\n\t\t\t\t<\/div>\n\t\t<div class=\"elementor-element elementor-element-060ff6a e-con-full e-flex e-con e-child\" data-id=\"060ff6a\" data-element_type=\"container\" data-settings=\"{&quot;content_width&quot;:&quot;full&quot;}\">\n\t\t\t\t<div class=\"elementor-element elementor-element-f91ab09 elementor-cta--valign-top elementor-cta--skin-classic elementor-animated-content elementor-bg-transform elementor-bg-transform-zoom-in elementor-widget elementor-widget-call-to-action\" data-id=\"f91ab09\" data-element_type=\"widget\" data-widget_type=\"call-to-action.default\">\n\t\t\t\t<div class=\"elementor-widget-container\">\n\t\t\t\t\t<a class=\"elementor-cta\" href=\"https:\/\/staging.ccocoa.com\/en\/construccion-de-puente-tampamachoco-en-tuxpan-veracruz\/\">\n\t\t\t\t\t<div class=\"elementor-cta__bg-wrapper\">\n\t\t\t\t<div class=\"elementor-cta__bg elementor-bg\" style=\"background-image: url(https:\/\/staging.ccocoa.com\/wp-content\/uploads\/2020\/01\/SDC10004.jpg);\" role=\"img\" aria-label=\"construccion puente tampamachoco tuxpan\"><\/div>\n\t\t\t\t<div class=\"elementor-cta__bg-overlay\"><\/div>\n\t\t\t<\/div>\n\t\t\t\t\t\t\t<div class=\"elementor-cta__content\">\n\t\t\t\t\n\t\t\t\t\t\t\t\t\t<h2 class=\"elementor-cta__title elementor-cta__content-item elementor-content-item\">\n\t\t\t\t\t\tConstruction of the \"Tampamachoco\" Bridge in Tuxpan, Veracruz\t\t\t\t\t<\/h2>\n\t\t\t\t\n\t\t\t\t\t\t\t\t\t<div class=\"elementor-cta__description elementor-cta__content-item elementor-content-item\">\n\t\t\t\t\t\tFoundation laying and construction of the Tampamachoco Bridge were completed in the Municipality of Tuxpan, Veracruz.\t\t\t\t\t<\/div>\n\t\t\t\t\n\t\t\t\t\t\t\t<\/div>\n\t\t\t\t\t\t<\/a>\n\t\t\t\t<\/div>\n\t\t\t\t<\/div>\n\t\t\t\t<\/div>\n\t\t\t\t\t<\/div>\n\t\t\t\t<\/div>\n\t\t\t\t\t<\/div>\n\t\t\t\t<\/div>\n\t\t\t\t<\/div>","protected":false},"excerpt":{"rendered":"<p>\u00a0 Construcci\u00f3n de puente en Tuxpan, Veracruz. El 20 de febrero de 2013, se instalaron las traves\u00edas del puente en la comunidad de Tebanco, Municipio de Tuxpan, Veracruz. &nbsp; Reparaci\u00f3n de Puente Zacatal en CD del Carmen Se realizaron trabajos de reparaci\u00f3n en el Puente Zacatal, ubicado en Ciudad del Carmen, con el apoyo de la embarcaci\u00f3n autoelevable Western Dulac. &#8230;<\/p>","protected":false},"author":3,"featured_media":0,"parent":0,"menu_order":0,"comment_status":"closed","ping_status":"closed","template":"","meta":{"footnotes":""},"yoast_head":"<!-- This site is optimized with the Yoast SEO plugin v22.8 - https:\/\/yoast.com\/wordpress\/plugins\/seo\/ -->\n<title>Puentes - Corporativo Costa Afuera<\/title>\n<meta name=\"robots\" content=\"noindex, follow, max-snippet:-1, max-image-preview:large, max-video-preview:-1\" \/>\n<meta property=\"og:locale\" content=\"en_US\" \/>\n<meta property=\"og:type\" content=\"article\" \/>\n<meta property=\"og:title\" content=\"Puentes - Corporativo Costa Afuera\" \/>\n<meta property=\"og:description\" content=\"\u00a0 Construcci\u00f3n de puente en Tuxpan, Veracruz. El 20 de febrero de 2013, se instalaron las traves\u00edas del puente en la comunidad de Tebanco, Municipio de Tuxpan, Veracruz. &nbsp; Reparaci\u00f3n de Puente Zacatal en CD del Carmen Se realizaron trabajos de reparaci\u00f3n en el Puente Zacatal, ubicado en Ciudad del Carmen, con el apoyo de la embarcaci\u00f3n autoelevable Western Dulac. ...\" \/>\n<meta property=\"og:url\" content=\"https:\/\/staging.ccocoa.com\/en\/puentes\/\" \/>\n<meta property=\"og:site_name\" content=\"Corporativo Costa Afuera\" \/>\n<meta property=\"article:publisher\" content=\"https:\/\/www.facebook.com\/CorporativoCostaAfuera\/\" \/>\n<meta property=\"article:modified_time\" content=\"2024-06-03T19:05:11+00:00\" \/>\n<meta name=\"twitter:label1\" content=\"Est. reading time\" \/>\n\t<meta name=\"twitter:data1\" content=\"1 minute\" \/>\n<script type=\"application\/ld+json\" class=\"yoast-schema-graph\">{\"@context\":\"https:\/\/schema.org\",\"@graph\":[{\"@type\":\"WebPage\",\"@id\":\"https:\/\/staging.ccocoa.com\/puentes\/\",\"url\":\"https:\/\/staging.ccocoa.com\/puentes\/\",\"name\":\"Puentes - Corporativo Costa Afuera\",\"isPartOf\":{\"@id\":\"https:\/\/staging.ccocoa.com\/#website\"},\"datePublished\":\"2024-01-09T11:03:43+00:00\",\"dateModified\":\"2024-06-03T19:05:11+00:00\",\"breadcrumb\":{\"@id\":\"https:\/\/staging.ccocoa.com\/puentes\/#breadcrumb\"},\"inLanguage\":\"en-US\",\"potentialAction\":[{\"@type\":\"ReadAction\",\"target\":[\"https:\/\/staging.ccocoa.com\/puentes\/\"]}]},{\"@type\":\"BreadcrumbList\",\"@id\":\"https:\/\/staging.ccocoa.com\/puentes\/#breadcrumb\",\"itemListElement\":[{\"@type\":\"ListItem\",\"position\":1,\"name\":\"Portada\",\"item\":\"https:\/\/staging.ccocoa.com\/\"},{\"@type\":\"ListItem\",\"position\":2,\"name\":\"puentes\"}]},{\"@type\":\"WebSite\",\"@id\":\"https:\/\/staging.ccocoa.com\/#website\",\"url\":\"https:\/\/staging.ccocoa.com\/\",\"name\":\"Corporativo Costa Afuera\",\"description\":\"Construcci\u00f3n Marina y Submarina\",\"publisher\":{\"@id\":\"https:\/\/staging.ccocoa.com\/#organization\"},\"potentialAction\":[{\"@type\":\"SearchAction\",\"target\":{\"@type\":\"EntryPoint\",\"urlTemplate\":\"https:\/\/staging.ccocoa.com\/?s={search_term_string}\"},\"query-input\":\"required name=search_term_string\"}],\"inLanguage\":\"en-US\"},{\"@type\":\"Organization\",\"@id\":\"https:\/\/staging.ccocoa.com\/#organization\",\"name\":\"Corporativo Costa Afuera\",\"url\":\"https:\/\/staging.ccocoa.com\/\",\"logo\":{\"@type\":\"ImageObject\",\"inLanguage\":\"en-US\",\"@id\":\"https:\/\/staging.ccocoa.com\/#\/schema\/logo\/image\/\",\"url\":\"https:\/\/staging.ccocoa.com\/wp-content\/uploads\/2018\/02\/logo.png\",\"contentUrl\":\"https:\/\/staging.ccocoa.com\/wp-content\/uploads\/2018\/02\/logo.png\",\"width\":100,\"height\":100,\"caption\":\"Corporativo Costa Afuera\"},\"image\":{\"@id\":\"https:\/\/staging.ccocoa.com\/#\/schema\/logo\/image\/\"},\"sameAs\":[\"https:\/\/www.facebook.com\/CorporativoCostaAfuera\/\",\"https:\/\/x.com\/CorpCostaAfuera\",\"https:\/\/www.tiktok.com\/@corporativocostaafuera\"]}]}<\/script>\n<!-- \/ Yoast SEO plugin. -->","yoast_head_json":{"title":"Puentes - Corporativo Costa Afuera","robots":{"index":"noindex","follow":"follow","max-snippet":"max-snippet:-1","max-image-preview":"max-image-preview:large","max-video-preview":"max-video-preview:-1"},"og_locale":"en_US","og_type":"article","og_title":"Puentes - Corporativo Costa Afuera","og_description":"\u00a0 Construcci\u00f3n de puente en Tuxpan, Veracruz. El 20 de febrero de 2013, se instalaron las traves\u00edas del puente en la comunidad de Tebanco, Municipio de Tuxpan, Veracruz. &nbsp; Reparaci\u00f3n de Puente Zacatal en CD del Carmen Se realizaron trabajos de reparaci\u00f3n en el Puente Zacatal, ubicado en Ciudad del Carmen, con el apoyo de la embarcaci\u00f3n autoelevable Western Dulac. ...","og_url":"https:\/\/staging.ccocoa.com\/en\/puentes\/","og_site_name":"Corporativo Costa Afuera","article_publisher":"https:\/\/www.facebook.com\/CorporativoCostaAfuera\/","article_modified_time":"2024-06-03T19:05:11+00:00","twitter_misc":{"Est. reading time":"1 minute"},"schema":{"@context":"https:\/\/schema.org","@graph":[{"@type":"WebPage","@id":"https:\/\/staging.ccocoa.com\/puentes\/","url":"https:\/\/staging.ccocoa.com\/puentes\/","name":"Puentes - Corporativo Costa Afuera","isPartOf":{"@id":"https:\/\/staging.ccocoa.com\/#website"},"datePublished":"2024-01-09T11:03:43+00:00","dateModified":"2024-06-03T19:05:11+00:00","breadcrumb":{"@id":"https:\/\/staging.ccocoa.com\/puentes\/#breadcrumb"},"inLanguage":"en-US","potentialAction":[{"@type":"ReadAction","target":["https:\/\/staging.ccocoa.com\/puentes\/"]}]},{"@type":"BreadcrumbList","@id":"https:\/\/staging.ccocoa.com\/puentes\/#breadcrumb","itemListElement":[{"@type":"ListItem","position":1,"name":"Portada","item":"https:\/\/staging.ccocoa.com\/"},{"@type":"ListItem","position":2,"name":"puentes"}]},{"@type":"WebSite","@id":"https:\/\/staging.ccocoa.com\/#website","url":"https:\/\/staging.ccocoa.com\/","name":"Corporativo Costa Afuera","description":"Construcci\u00f3n Marina y Submarina","publisher":{"@id":"https:\/\/staging.ccocoa.com\/#organization"},"potentialAction":[{"@type":"SearchAction","target":{"@type":"EntryPoint","urlTemplate":"https:\/\/staging.ccocoa.com\/?s={search_term_string}"},"query-input":"required name=search_term_string"}],"inLanguage":"en-US"},{"@type":"Organization","@id":"https:\/\/staging.ccocoa.com\/#organization","name":"Corporativo Costa Afuera","url":"https:\/\/staging.ccocoa.com\/","logo":{"@type":"ImageObject","inLanguage":"en-US","@id":"https:\/\/staging.ccocoa.com\/#\/schema\/logo\/image\/","url":"https:\/\/staging.ccocoa.com\/wp-content\/uploads\/2018\/02\/logo.png","contentUrl":"https:\/\/staging.ccocoa.com\/wp-content\/uploads\/2018\/02\/logo.png","width":100,"height":100,"caption":"Corporativo Costa Afuera"},"image":{"@id":"https:\/\/staging.ccocoa.com\/#\/schema\/logo\/image\/"},"sameAs":["https:\/\/www.facebook.com\/CorporativoCostaAfuera\/","https:\/\/x.com\/CorpCostaAfuera","https:\/\/www.tiktok.com\/@corporativocostaafuera"]}]}},"_links":{"self":[{"href":"https:\/\/staging.ccocoa.com\/en\/wp-json\/wp\/v2\/pages\/1508901"}],"collection":[{"href":"https:\/\/staging.ccocoa.com\/en\/wp-json\/wp\/v2\/pages"}],"about":[{"href":"https:\/\/staging.ccocoa.com\/en\/wp-json\/wp\/v2\/types\/page"}],"author":[{"embeddable":true,"href":"https:\/\/staging.ccocoa.com\/en\/wp-json\/wp\/v2\/users\/3"}],"replies":[{"embeddable":true,"href":"https:\/\/staging.ccocoa.com\/en\/wp-json\/wp\/v2\/comments?post=1508901"}],"version-history":[{"count":29,"href":"https:\/\/staging.ccocoa.com\/en\/wp-json\/wp\/v2\/pages\/1508901\/revisions"}],"predecessor-version":[{"id":1510670,"href":"https:\/\/staging.ccocoa.com\/en\/wp-json\/wp\/v2\/pages\/1508901\/revisions\/1510670"}],"wp:attachment":[{"href":"https:\/\/staging.ccocoa.com\/en\/wp-json\/wp\/v2\/media?parent=1508901"}],"curies":[{"name":"wp","href":"https:\/\/api.w.org\/{rel}","templated":true}]}}